{"id":9032,"date":"2025-12-28T15:04:11","date_gmt":"2025-12-28T14:04:11","guid":{"rendered":"https:\/\/www.kungsberget.se\/?page_id=9032"},"modified":"2025-12-29T13:29:18","modified_gmt":"2025-12-29T12:29:18","slug":"stromavbrott2025","status":"publish","type":"page","link":"https:\/\/www.kungsberget.se\/da\/stromavbrott2025\/","title":{"rendered":"Str\u00f8mafbrydelse2025"},"content":{"rendered":"<div dir=\"ltr\">Omr\u00e5det omkring Kungsberget blev h\u00e5rdt ramt af den storm, der h\u00e6rgede Sverige i weekenden. Som f\u00f8lge heraf stod store dele af Sandviken uden str\u00f8m, og dermed ogs\u00e5 Kungsberget.<\/div>\n<div dir=\"ltr\"><\/div>\n<div dir=\"ltr\">Kungsberget \u00e5bner igen efter stormen <strong>Tirsdag den 30. december. <\/strong>Str\u00f8mmen er tilbage, og alle tjenester er oppe at k\u00f8re, s\u00e5vel som 7 pister.<\/div>\n<div dir=\"ltr\"><\/div>\n<div dir=\"ltr\">Vi henviser sp\u00f8rgsm\u00e5l til <a href=\"https:\/\/www.kungsberget.se\/da\/gastservice\/\">G\u00e6steservice.<\/a> Der er mange, der kontakter os lige nu, s\u00e5 vi beder om jeres t\u00e5lmodighed. Vi vil svare alle efter tur.<\/div>","protected":false},"excerpt":{"rendered":"<p>Omr\u00e5det omkring Kungsberget blev h\u00e5rdt ramt af stormen, der fejede hen over Sverige i weekenden. Som f\u00f8lge heraf stod store dele af Sandviken uden str\u00f8m, og dermed ogs\u00e5 Kungsberget. Kungsberget gen\u00e5bner efter stormen tirsdag den 30. december. Str\u00f8mmen er tilbage, og alle tjenester er i drift, samt 7 pister. Eventuelle sp\u00f8rgsm\u00e5l bedes rettes til g\u00e6steservice. Det er [\u2026]<\/p>","protected":false},"author":5,"featured_media":0,"parent":0,"menu_order":0,"comment_status":"closed","ping_status":"closed","template":"","meta":{"_acf_changed":false,"footnotes":""},"class_list":["post-9032","page","type-page","status-publish","hentry"],"acf":[],"_links":{"self":[{"href":"https:\/\/www.kungsberget.se\/da\/wp-json\/wp\/v2\/pages\/9032"}],"collection":[{"href":"https:\/\/www.kungsberget.se\/da\/wp-json\/wp\/v2\/pages"}],"about":[{"href":"https:\/\/www.kungsberget.se\/da\/wp-json\/wp\/v2\/types\/page"}],"author":[{"embeddable":true,"href":"https:\/\/www.kungsberget.se\/da\/wp-json\/wp\/v2\/users\/5"}],"replies":[{"embeddable":true,"href":"https:\/\/www.kungsberget.se\/da\/wp-json\/wp\/v2\/comments?post=9032"}],"version-history":[{"count":6,"href":"https:\/\/www.kungsberget.se\/da\/wp-json\/wp\/v2\/pages\/9032\/revisions"}],"predecessor-version":[{"id":9043,"href":"https:\/\/www.kungsberget.se\/da\/wp-json\/wp\/v2\/pages\/9032\/revisions\/9043"}],"wp:attachment":[{"href":"https:\/\/www.kungsberget.se\/da\/wp-json\/wp\/v2\/media?parent=9032"}],"curies":[{"name":"wp","href":"https:\/\/api.w.org\/{rel}","templated":true}]}}