{"id":9139,"date":"2026-03-05T14:19:42","date_gmt":"2026-03-05T13:19:42","guid":{"rendered":"https:\/\/www.kungsberget.se\/?page_id=9139"},"modified":"2026-03-13T09:01:59","modified_gmt":"2026-03-13T08:01:59","slug":"pasklovspaket-9-12-april","status":"publish","type":"page","link":"https:\/\/www.kungsberget.se\/da\/pasklovspaket-9-12-april\/","title":{"rendered":"P\u00e5skeferiepakke 9.-12. april"},"content":{"rendered":"<p style=\"text-align: center;\">Book vores p\u00e5skeferiepakke med indkvartering og liftkort fra 2.509 SEK pr. person. Prisen g\u00e6lder for mindst fire personer pr. lejlighed i Ski Lodge torsdag-s\u00f8ndag 9.-12. april 2026, med forbehold for endeligt salg.<\/p>\n<p style=\"text-align: center;\">For at benytte dig af tilbuddet, ring <strong>G\u00e6steservice p\u00e5 054-13 26 00<\/strong> og indtast koden <strong>P\u00c5SKE<\/strong>.<\/p>\n<hr \/>","protected":false},"excerpt":{"rendered":"<p>Boka v\u00e5rt p\u00e5sklovspaket med boende och liftkort fr\u00e5n 2 509 kr per person. Priset g\u00e4ller vid minst fyra personer per l\u00e4genhet i Ski Lodge torsdag\u2013s\u00f6ndag 9\u201312 april 2026, med reservation f\u00f6r slutf\u00f6rs\u00e4ljning. F\u00f6r att ta del av erbjudandet ring G\u00e4stservice p\u00e5 054-13 26 00 och anger koden P\u00c5SK.<\/p>","protected":false},"author":28,"featured_media":0,"parent":0,"menu_order":0,"comment_status":"closed","ping_status":"closed","template":"","meta":{"_acf_changed":false,"footnotes":""},"class_list":["post-9139","page","type-page","status-publish","hentry"],"acf":[],"_links":{"self":[{"href":"https:\/\/www.kungsberget.se\/da\/wp-json\/wp\/v2\/pages\/9139"}],"collection":[{"href":"https:\/\/www.kungsberget.se\/da\/wp-json\/wp\/v2\/pages"}],"about":[{"href":"https:\/\/www.kungsberget.se\/da\/wp-json\/wp\/v2\/types\/page"}],"author":[{"embeddable":true,"href":"https:\/\/www.kungsberget.se\/da\/wp-json\/wp\/v2\/users\/28"}],"replies":[{"embeddable":true,"href":"https:\/\/www.kungsberget.se\/da\/wp-json\/wp\/v2\/comments?post=9139"}],"version-history":[{"count":28,"href":"https:\/\/www.kungsberget.se\/da\/wp-json\/wp\/v2\/pages\/9139\/revisions"}],"predecessor-version":[{"id":9194,"href":"https:\/\/www.kungsberget.se\/da\/wp-json\/wp\/v2\/pages\/9139\/revisions\/9194"}],"wp:attachment":[{"href":"https:\/\/www.kungsberget.se\/da\/wp-json\/wp\/v2\/media?parent=9139"}],"curies":[{"name":"wp","href":"https:\/\/api.w.org\/{rel}","templated":true}]}}