{"id":9309,"date":"2026-04-10T10:19:24","date_gmt":"2026-04-10T08:19:24","guid":{"rendered":"https:\/\/www.kungsberget.se\/?page_id=9309"},"modified":"2026-04-10T10:19:24","modified_gmt":"2026-04-10T08:19:24","slug":"finalhelgen","status":"publish","type":"page","link":"https:\/\/www.kungsberget.se\/da\/finalhelgen\/","title":{"rendered":"Finaleweekend"},"content":{"rendered":"<p data-start=\"0\" data-end=\"267\">Afslut vinteren med en maksimeret weekend fyldt med fart, latter og en dejlig for\u00e5rs-vinterf\u00f8lelse. L\u00f8rdag vil Festkongen v\u00e6re der med et telt fyldt med sjove begivenheder, kostumer og overraskelser - her s\u00e6tter du stilen til weekenden.<\/p>\n<p data-start=\"269\" data-end=\"508\">Derudover venter alt fra ansigtsmaling og Bj\u00f6rnbusarna til det store h\u00f8jdepunkt: vandsurfing i Restaurangbacken. Afslut dagen med udend\u00f8rs afterskiing og forts\u00e6t aftenen med flere sjove aktiviteter.<\/p>\n<p data-start=\"269\" data-end=\"508\">Der er ogs\u00e5 et stort udsalg i b\u00e5de butikken og udlejningen. Benyt lejligheden til at finde gode tilbud og sikre dit udstyr til de kommende s\u00e6soner.<\/p>\n<p data-start=\"269\" data-end=\"508\">\n<h1>fredag<\/h1>\n<p><strong>10:00 \u2013 12:00<\/strong>Ansigtsmaling | <em>Bj\u00f6rnbuseland<\/em> <br data-start=\"623\" data-end=\"626\" \/><strong>11:00 \u2013 12:00<\/strong>M\u00f8d bj\u00f8rnene | <em>Anl\u00e6gget<\/em> <br data-start=\"712\" data-end=\"715\" \/><strong>13:15 \u2013 14:15<\/strong>Bj\u00f8rnefj\u00e6sernes P\u00e5skel\u00f8b | <em>Skiskolebakken<\/em> <br data-start=\"807\" data-end=\"810\" \/><strong>13:30 \u2013 14:30<\/strong>M\u00f8d bj\u00f8rnene | <em>Anl\u00e6gget<\/em> <br data-start=\"896\" data-end=\"899\" \/><strong>14:30 \u2013 15:00<\/strong>B\u00f8rnenes afterski | <em>Bj\u00f6rnbuseland<\/em> <br data-start=\"983\" data-end=\"986\" \/><strong>18:00 \u2013 20:00<\/strong>STIGA Snow Racing Challenge | <em>Bj\u00f6rnbuseland<\/em><\/p>\n<h1>l\u00f8rdag<\/h1>\n<p><strong>10:00 &#8211; 12:00<\/strong> \u00a0 \u00a0 Ansigtsmaling | <em>Nedenfor Restaurantbacken<\/em><br \/>\n<strong>fra 10:00<\/strong> \u00a0 \u00a0Festkongen er p\u00e5 stedet | <em>Nedenfor Restaurantbacken<\/em><br \/>\n<strong>11:00 &#8211; 12:00\u00a0<\/strong>\u00a0 \u00a0 M\u00f8d bj\u00f8rnene | <em>Anl\u00e6gget<\/em><br \/>\n<strong>13:30 &#8211; 15:00 \u00a0<\/strong> \u00a0 Vandsurfing | <em>Restaurantbakken\u00a0<\/em><br \/>\n<strong>15:00 &#8211; 17:00\u00a0<\/strong>\u00a0 \u00a0 Afterskiing | <em>Fr\u00f8ken Filipssons udend\u00f8rs terrasse\u00a0<\/em><br \/>\n<strong>18:00 &#8211; 20:00\u00a0<\/strong>\u00a0 \u00a0 STIGA Snow Race Challenge | <em>Bj\u00f6rnbuseland\u00a0<\/em><\/p>\n<h1>s\u00f8ndag<\/h1>\n<p><strong>11:00 &#8211; 12:00\u00a0<\/strong>\u00a0 \u00a0 M\u00f8d bj\u00f8rnene | <em>Anl\u00e6gget<\/em><br \/>\n<strong>13:30 &#8211; 14:30 <\/strong>\u00a0 \u00a0 M\u00f8d bj\u00f8rnene | <em>Anl\u00e6gget\u00a0 <\/em><\/p>","protected":false},"excerpt":{"rendered":"<p>Avsluta vintern med en maxad helg fylld av fart, skratt och h\u00e4rlig v\u00e5rvinterk\u00e4nsla. Under l\u00f6rdagen \u00e4r Partykungen p\u00e5 plats med ett t\u00e4lt fullt av roliga happenings, utkl\u00e4dnader och \u00f6verraskningar \u2013 h\u00e4r s\u00e4tter du stilen f\u00f6r helgen. Ut\u00f6ver det v\u00e4ntar allt fr\u00e5n ansiktsm\u00e5lning och Bj\u00f6rnbusarna till den stora h\u00f6jdpunkten: vattensurf i Restaurangbacken. Avrunda dagen med utomhusafterski [&hellip;]<\/p>","protected":false},"author":28,"featured_media":0,"parent":0,"menu_order":0,"comment_status":"closed","ping_status":"closed","template":"","meta":{"_acf_changed":false,"footnotes":""},"class_list":["post-9309","page","type-page","status-publish","hentry"],"acf":[],"_links":{"self":[{"href":"https:\/\/www.kungsberget.se\/da\/wp-json\/wp\/v2\/pages\/9309"}],"collection":[{"href":"https:\/\/www.kungsberget.se\/da\/wp-json\/wp\/v2\/pages"}],"about":[{"href":"https:\/\/www.kungsberget.se\/da\/wp-json\/wp\/v2\/types\/page"}],"author":[{"embeddable":true,"href":"https:\/\/www.kungsberget.se\/da\/wp-json\/wp\/v2\/users\/28"}],"replies":[{"embeddable":true,"href":"https:\/\/www.kungsberget.se\/da\/wp-json\/wp\/v2\/comments?post=9309"}],"version-history":[{"count":2,"href":"https:\/\/www.kungsberget.se\/da\/wp-json\/wp\/v2\/pages\/9309\/revisions"}],"predecessor-version":[{"id":9313,"href":"https:\/\/www.kungsberget.se\/da\/wp-json\/wp\/v2\/pages\/9309\/revisions\/9313"}],"wp:attachment":[{"href":"https:\/\/www.kungsberget.se\/da\/wp-json\/wp\/v2\/media?parent=9309"}],"curies":[{"name":"wp","href":"https:\/\/api.w.org\/{rel}","templated":true}]}}