{"id":1968,"date":"2019-11-08T13:05:30","date_gmt":"2019-11-08T12:05:30","guid":{"rendered":"https:\/\/www.kungsberget.se\/?page_id=1968"},"modified":"2026-03-30T13:36:25","modified_gmt":"2026-03-30T11:36:25","slug":"nyar","status":"publish","type":"page","link":"https:\/\/www.kungsberget.se\/en\/hogtider\/nyar\/","title":{"rendered":"New Year"},"content":{"rendered":"<div class=\"ingress\" style=\"text-align: center;\">With us at Kungsberget, you celebrate the New Year in a snow-covered landscape with family and friends. Spend the holiday in a place where skiing and good food are right outside the cabin door, welcome.<\/div>\n<div>\n<h1 style=\"text-align: left;\">Plan your family ski trip over New Year&#039;s Eve<\/h1>\n<p>Book accommodation and lift passes and make New Year&#039;s Eve a part of your winter ski holiday. With accommodation close to the slopes, the celebration will be easy and smooth. In Kungsberget you will get, among other things:<\/p>\n<ul>\n<li>\u00a05 child-friendly restaurants<\/li>\n<li>Free hot organic juice on the slopes<\/li>\n<li>Skiing for both beginners and experienced skiers<\/li>\n<li>Smooth journey \u2013 only 2 hours from Stockholm<\/li>\n<li>Accommodations near the slopes<\/li>\n<li>Drop-in activities for the kids<\/li>\n<\/ul>\n<p><a class=\"btn btn--c--prim\" href=\"https:\/\/www.kungsberget.se\/en\/bokning\/#\/boenden\">book your trip over New Year&#039;s<\/a><\/p>\n<\/div>","protected":false},"excerpt":{"rendered":"<p>Hos oss p\u00e5 Kungsberget firar du ny\u00e5r i ett sn\u00f6t\u00e4ckt landskap tillsammans med familj och v\u00e4nner. Spendera ledigheten p\u00e5 en plats d\u00e4r skid\u00e5kning och god mat finns precis utanf\u00f6r stugd\u00f6rren, v\u00e4lkomna. Planera familjens skidresa \u00f6ver ny\u00e5r Boka boende och liftkort och g\u00f6r ny\u00e5r till en del av vinterns skidsemester. Med boenden n\u00e4ra backarna blir firandet [&hellip;]<\/p>","protected":false},"author":14,"featured_media":0,"parent":5673,"menu_order":0,"comment_status":"closed","ping_status":"closed","template":"","meta":{"_acf_changed":false,"footnotes":""},"class_list":["post-1968","page","type-page","status-publish","hentry"],"acf":[],"_links":{"self":[{"href":"https:\/\/www.kungsberget.se\/en\/wp-json\/wp\/v2\/pages\/1968"}],"collection":[{"href":"https:\/\/www.kungsberget.se\/en\/wp-json\/wp\/v2\/pages"}],"about":[{"href":"https:\/\/www.kungsberget.se\/en\/wp-json\/wp\/v2\/types\/page"}],"author":[{"embeddable":true,"href":"https:\/\/www.kungsberget.se\/en\/wp-json\/wp\/v2\/users\/14"}],"replies":[{"embeddable":true,"href":"https:\/\/www.kungsberget.se\/en\/wp-json\/wp\/v2\/comments?post=1968"}],"version-history":[{"count":54,"href":"https:\/\/www.kungsberget.se\/en\/wp-json\/wp\/v2\/pages\/1968\/revisions"}],"predecessor-version":[{"id":9261,"href":"https:\/\/www.kungsberget.se\/en\/wp-json\/wp\/v2\/pages\/1968\/revisions\/9261"}],"up":[{"embeddable":true,"href":"https:\/\/www.kungsberget.se\/en\/wp-json\/wp\/v2\/pages\/5673"}],"wp:attachment":[{"href":"https:\/\/www.kungsberget.se\/en\/wp-json\/wp\/v2\/media?parent=1968"}],"curies":[{"name":"wp","href":"https:\/\/api.w.org\/{rel}","templated":true}]}}