{"id":2063,"date":"2019-01-07T15:12:10","date_gmt":"2019-01-07T14:12:10","guid":{"rendered":"https:\/\/www.kungsberget.se\/?page_id=2063"},"modified":"2025-05-14T11:04:33","modified_gmt":"2025-05-14T09:04:33","slug":"vagbeskrivning","status":"publish","type":"page","link":"https:\/\/www.kungsberget.se\/en\/vagbeskrivning\/","title":{"rendered":"Directions"},"content":{"rendered":"<ul>\n<li>Take the E4 towards G\u00e4vle, turn off at G\u00e4vle C towards the E16 Oslo, Sandviken.<\/li>\n<li>Drive to the exit Sandviken V\u00e4stra, drive straight ahead in the first roundabout, drive left in the second roundabout.<\/li>\n<li>Follow J\u00e4rbov\u00e4gen through the community J\u00e4rbo, after about 7 km: follow the signs to Kungsberget.<\/li>\n<\/ul>\n<h3><span style=\"font-size: 18.72px;\">FOR YOU BY ELECTRIC CAR<\/span><\/h3>\n<p>Arriving by electric car? We have parking for you too!<\/p>\n<p>&nbsp;<\/p>\n<p><a class=\"btn btn--c--brand\" href=\"https:\/\/www.google.com\/maps\/d\/u\/0\/viewer?msa=0&amp;mid=1ByOtbcJGW5J7O8gLowFQ0dAd3jM\">Map<\/a><\/p>","protected":false},"excerpt":{"rendered":"<p>Drive E4 towards G\u00e4vle, turn off at G\u00e4vle C towards E16 Oslo, Sandviken. Drive to the Sandviken V\u00e4stra exit, drive straight ahead at the first roundabout, turn left at the second roundabout. Follow J\u00e4rbov\u00e4gen through the community of J\u00e4rbo, after about 7 km: follow the signs to Kungsberget. GETTING THERE WITH AN ELECTRIC CAR Getting there with an electric car? We have parking for you too! [\u2026]<\/p>","protected":false},"author":14,"featured_media":0,"parent":0,"menu_order":0,"comment_status":"closed","ping_status":"closed","template":"","meta":{"_acf_changed":false,"footnotes":""},"class_list":["post-2063","page","type-page","status-publish","hentry"],"acf":[],"_links":{"self":[{"href":"https:\/\/www.kungsberget.se\/en\/wp-json\/wp\/v2\/pages\/2063"}],"collection":[{"href":"https:\/\/www.kungsberget.se\/en\/wp-json\/wp\/v2\/pages"}],"about":[{"href":"https:\/\/www.kungsberget.se\/en\/wp-json\/wp\/v2\/types\/page"}],"author":[{"embeddable":true,"href":"https:\/\/www.kungsberget.se\/en\/wp-json\/wp\/v2\/users\/14"}],"replies":[{"embeddable":true,"href":"https:\/\/www.kungsberget.se\/en\/wp-json\/wp\/v2\/comments?post=2063"}],"version-history":[{"count":3,"href":"https:\/\/www.kungsberget.se\/en\/wp-json\/wp\/v2\/pages\/2063\/revisions"}],"predecessor-version":[{"id":2104,"href":"https:\/\/www.kungsberget.se\/en\/wp-json\/wp\/v2\/pages\/2063\/revisions\/2104"}],"wp:attachment":[{"href":"https:\/\/www.kungsberget.se\/en\/wp-json\/wp\/v2\/media?parent=2063"}],"curies":[{"name":"wp","href":"https:\/\/api.w.org\/{rel}","templated":true}]}}