{"id":2246,"date":"2019-03-01T10:13:01","date_gmt":"2019-03-01T09:13:01","guid":{"rendered":"https:\/\/www.kungsberget.se\/?page_id=2246"},"modified":"2026-04-06T09:08:35","modified_gmt":"2026-04-06T07:08:35","slug":"sara-hector-als-challenge","status":"publish","type":"page","link":"https:\/\/www.kungsberget.se\/en\/sara-hector-als-challenge\/","title":{"rendered":"Hector ALS Challenge"},"content":{"rendered":"<div class=\"ingress\">Hector ALS Challenge is a folk festival for everyone who creates skiing joy and fights ALS.<\/div>\n<div>\n<h1>Hector ALS Challenge \u2013 a folk festival for all skiers!<\/h1>\n<p>Hector ALS Challenge is an unforgettable day on the snow where everyone is invited! During the day, a large charity race is arranged where one against one skiers ski parallel to each other. There is room for both young and old \u2013 regardless of how much experience you have of standing on a pair of skis. It is the joy of skiing that is in focus! During the day, you also have the chance to challenge the world champion, and the initiator of the event, Sara Hector, to see how you stack up against an Olympic gold medalist. In the finish area, you will also find several sponsors who are involved and contribute to a magical day where we all have the same goal \u2013 to fight ALS with joy.<\/p>\n<p>The participation fee goes directly to the research for ALS.<\/p>\n<p>Registration is done on site.<\/p>\n<\/div>\n<h1>Sara Hector, initiator of the fundraiser<\/h1>\n<p>With an Olympic gold medal and several World Cup titles under her belt, Sara Hector is not only one of Sweden&#039;s most prominent alpine stars but also a committed advocate for ALS research. For several years, her mother has been fighting ALS, which became the driving force behind her desire to make a difference. Sara&#039;s personal relationship with the disease led her to choose to start the Hector ALS Challenge in 2019, a parallel slalom competition that aims to support research into the disease. Since its inception, we have collectively raised over 1 million kronor.<\/p>\n<div>\n<h1>Submit your contribution<\/h1>\n<p>Do you want to contribute to the collection? Enter into <a href=\"https:\/\/sarahector.com\/hector-als-challenge\/\">sarahector.com\/hector-als\/challenge\/<\/a> for more information.<\/p>\n<\/div>\n<h1>Hector Cup \u2013 racing competition for ski clubs<\/h1>\n<p class=\"p1\">In conjunction with the Hector ALS Challenge, alpinists will also compete to stand at the top of the podium during the Hector Cup. Sara Hector, G\u00e4vle Alpina, Kungsbergets Alpina and Kungsberget are inviting associations for a weekend filled with skiing joy during competitions in both parallel slalom and giant slalom.<\/p>\n<p>Hector ALS Challenge and Hector Cup is a joint event carried out in collaboration between Sara Hector, <a href=\"https:\/\/www.kungsbergetsalpina.se\/start\/?ID=415088\">Kungsberget Alpine<\/a>, <a href=\"https:\/\/www.gavlealpina.nu\/start\/?ID=121928\">Gavle Alpine<\/a> and Kungsbergets Fritidsanl\u00e4ggning, where the parties together contribute to creating a well-organized and engaging event to benefit ALS research<\/p>\n<div>\n<hr \/>\n<\/div>","protected":false},"excerpt":{"rendered":"<p>Hector ALS Challenge \u00e4r en folkfest f\u00f6r alla som skapar skidgl\u00e4dje och bek\u00e4mpar ALS. Hector ALS Challenge \u2013 en folkfest f\u00f6r alla skid\u00e5kare! Hector als challenge \u00e4r en of\u00f6rgl\u00f6mlig dag p\u00e5 sn\u00f6 d\u00e4r alla \u00e4r inbjudna! Under dagen arrangeras ett stort v\u00e4lg\u00f6renhetslopp d\u00e4r en mot en \u00e5ker parallellt mot varandra. H\u00e4r finns det plats f\u00f6r [&hellip;]<\/p>","protected":false},"author":14,"featured_media":0,"parent":0,"menu_order":0,"comment_status":"closed","ping_status":"closed","template":"","meta":{"_acf_changed":false,"footnotes":""},"class_list":["post-2246","page","type-page","status-publish","hentry"],"acf":[],"_links":{"self":[{"href":"https:\/\/www.kungsberget.se\/en\/wp-json\/wp\/v2\/pages\/2246"}],"collection":[{"href":"https:\/\/www.kungsberget.se\/en\/wp-json\/wp\/v2\/pages"}],"about":[{"href":"https:\/\/www.kungsberget.se\/en\/wp-json\/wp\/v2\/types\/page"}],"author":[{"embeddable":true,"href":"https:\/\/www.kungsberget.se\/en\/wp-json\/wp\/v2\/users\/14"}],"replies":[{"embeddable":true,"href":"https:\/\/www.kungsberget.se\/en\/wp-json\/wp\/v2\/comments?post=2246"}],"version-history":[{"count":83,"href":"https:\/\/www.kungsberget.se\/en\/wp-json\/wp\/v2\/pages\/2246\/revisions"}],"predecessor-version":[{"id":9302,"href":"https:\/\/www.kungsberget.se\/en\/wp-json\/wp\/v2\/pages\/2246\/revisions\/9302"}],"wp:attachment":[{"href":"https:\/\/www.kungsberget.se\/en\/wp-json\/wp\/v2\/media?parent=2246"}],"curies":[{"name":"wp","href":"https:\/\/api.w.org\/{rel}","templated":true}]}}