{"id":57,"date":"2018-10-11T09:44:19","date_gmt":"2018-10-11T07:44:19","guid":{"rendered":"https:\/\/www.kungsberget.se\/?page_id=57"},"modified":"2026-01-13T10:55:24","modified_gmt":"2026-01-13T09:55:24","slug":"langdskidor","status":"publish","type":"page","link":"https:\/\/www.kungsberget.se\/en\/langdskidor\/","title":{"rendered":"Cross country skis"},"content":{"rendered":"<h2>Cross-country trails near Kungsberget<\/h2>\n<p>In the surrounding area there are several cross-country trails that are tracked more frequently and also have lighting. Read more and visit the trails in J\u00e4rbo, J\u00e4dra\u00e5s and at H\u00f6gbo Bruk below.<\/p>","protected":false},"excerpt":{"rendered":"<p>Cross-country trails near Kungsberget In the surrounding area there are several cross-country trails that are tracked more frequently and also have lighting. Read more and visit the trails in J\u00e4rbo, J\u00e4dra\u00e5s and at H\u00f6gbo Bruk below.<\/p>","protected":false},"author":2,"featured_media":0,"parent":0,"menu_order":0,"comment_status":"closed","ping_status":"closed","template":"","meta":{"_acf_changed":false,"footnotes":""},"class_list":["post-57","page","type-page","status-publish","hentry"],"acf":[],"_links":{"self":[{"href":"https:\/\/www.kungsberget.se\/en\/wp-json\/wp\/v2\/pages\/57"}],"collection":[{"href":"https:\/\/www.kungsberget.se\/en\/wp-json\/wp\/v2\/pages"}],"about":[{"href":"https:\/\/www.kungsberget.se\/en\/wp-json\/wp\/v2\/types\/page"}],"author":[{"embeddable":true,"href":"https:\/\/www.kungsberget.se\/en\/wp-json\/wp\/v2\/users\/2"}],"replies":[{"embeddable":true,"href":"https:\/\/www.kungsberget.se\/en\/wp-json\/wp\/v2\/comments?post=57"}],"version-history":[{"count":50,"href":"https:\/\/www.kungsberget.se\/en\/wp-json\/wp\/v2\/pages\/57\/revisions"}],"predecessor-version":[{"id":9053,"href":"https:\/\/www.kungsberget.se\/en\/wp-json\/wp\/v2\/pages\/57\/revisions\/9053"}],"wp:attachment":[{"href":"https:\/\/www.kungsberget.se\/en\/wp-json\/wp\/v2\/media?parent=57"}],"curies":[{"name":"wp","href":"https:\/\/api.w.org\/{rel}","templated":true}]}}