{"id":579,"date":"2018-10-30T20:34:40","date_gmt":"2018-10-30T20:34:40","guid":{"rendered":"https:\/\/www.kungsberget.se\/?page_id=579"},"modified":"2026-04-02T11:51:32","modified_gmt":"2026-04-02T09:51:32","slug":"om-branasgruppen","status":"publish","type":"page","link":"https:\/\/www.kungsberget.se\/en\/om-branasgruppen\/","title":{"rendered":"About Kungsberget"},"content":{"rendered":"<div class=\"ingress\">The first lift up the mountain was built in 1954, but enthusiasts are said to have been skiing down Kungsberget long before that. Since then, the ride has continued to develop into the ski resort it is today.<\/div>\n<p>&nbsp;<\/p>\n<p class=\"ingress\"><iframe loading=\"lazy\" src=\"https:\/\/player.vimeo.com\/video\/397957925?color=ffffff&amp;title=0&amp;byline=0&amp;portrait=0\" width=\"640\" height=\"360\" frameborder=\"0\" allowfullscreen=\"allowfullscreen\"><\/iframe><br \/>\nLet us take you on a journey through time, about our history and true skiing joy, told by Gun Larsson, now Lyrberg \u2013 daughter of Johan Larsson who helped build Kungsberget in the 1930s and whose legacy we manage today.<\/p>\n<h2 style=\"text-align: left;\">Part of the Bran\u00e4s Group since 2004<\/h2>\n<p>Kungsberget was jointly owned for a long time by the municipalities of G\u00e4vle and Sandviken, and was then fully owned by the municipality of Sandviken. In 2004, the Bran\u00e4s Group acquired the facility. The Bran\u00e4s Group also includes the Bran\u00e4s Leisure Center, which is Sweden&#039;s fourth largest facility.<\/p>\n<div>\n<h2 style=\"text-align: left;\">Cold facts about Kungsberget<\/h2>\n<ul style=\"text-align: center;\">\n<li style=\"text-align: left;\">25 pistes and 14 lifts<\/li>\n<li style=\"text-align: left;\">Up to 1,700 meters long runs<\/li>\n<li style=\"text-align: left;\">3,700 beds in ski-in\/ski-out accommodations<\/li>\n<li style=\"text-align: left;\">Two parks as well as Big Jump, Beginner&#039;s Park<\/li>\n<li style=\"text-align: left;\">Children&#039;s area<\/li>\n<li style=\"text-align: left;\">Nintendo Land<\/li>\n<li style=\"text-align: left;\">Ski school for all ages<\/li>\n<li style=\"text-align: left;\">Evening skiing until 21.00 on Thursdays<\/li>\n<li style=\"text-align: left;\">Fall height of 200 meters<\/li>\n<\/ul>\n<hr \/>\n<p style=\"text-align: center;\">\n<\/div>","protected":false},"excerpt":{"rendered":"<p>The first lift up the mountain was built in 1954, but enthusiasts are said to have been skiing down Kungsberget long before that. Since then, the journey has continued to develop into the ski resort it is today. Let us take you on a journey through time, about our history and the true joy of skiing, told by Gun Larsson, now Lyrberg \u2013 [\u2026]<\/p>","protected":false},"author":2,"featured_media":0,"parent":0,"menu_order":0,"comment_status":"closed","ping_status":"closed","template":"","meta":{"_acf_changed":false,"footnotes":""},"class_list":["post-579","page","type-page","status-publish","hentry"],"acf":[],"_links":{"self":[{"href":"https:\/\/www.kungsberget.se\/en\/wp-json\/wp\/v2\/pages\/579"}],"collection":[{"href":"https:\/\/www.kungsberget.se\/en\/wp-json\/wp\/v2\/pages"}],"about":[{"href":"https:\/\/www.kungsberget.se\/en\/wp-json\/wp\/v2\/types\/page"}],"author":[{"embeddable":true,"href":"https:\/\/www.kungsberget.se\/en\/wp-json\/wp\/v2\/users\/2"}],"replies":[{"embeddable":true,"href":"https:\/\/www.kungsberget.se\/en\/wp-json\/wp\/v2\/comments?post=579"}],"version-history":[{"count":47,"href":"https:\/\/www.kungsberget.se\/en\/wp-json\/wp\/v2\/pages\/579\/revisions"}],"predecessor-version":[{"id":9269,"href":"https:\/\/www.kungsberget.se\/en\/wp-json\/wp\/v2\/pages\/579\/revisions\/9269"}],"wp:attachment":[{"href":"https:\/\/www.kungsberget.se\/en\/wp-json\/wp\/v2\/media?parent=579"}],"curies":[{"name":"wp","href":"https:\/\/api.w.org\/{rel}","templated":true}]}}