{"id":8948,"date":"2025-11-14T08:25:13","date_gmt":"2025-11-14T07:25:13","guid":{"rendered":"https:\/\/www.kungsberget.se\/?page_id=8948"},"modified":"2026-02-03T13:36:04","modified_gmt":"2026-02-03T12:36:04","slug":"tillganglig-skidakning","status":"publish","type":"page","link":"https:\/\/www.kungsberget.se\/en\/tillganglig-skidakning\/","title":{"rendered":"Accessible skiing"},"content":{"rendered":"<p>We work to make everyone feel welcome in our facility and actively work to adapt our operations accordingly.<\/p>\n<p>If you are traveling to us and need an escort, you need to email us a signed certificate. After the certificate is approved, a priority queue wristband and escort wristband will be delivered as agreed.<\/p>\n<p><a class=\"btn btn--c--brand\" href=\"https:\/\/cdn.branasgruppen.se\/kungsberget\/app\/uploads\/2026\/02\/03133554\/KB_blankett-intyg-for-ledsagning-och-koforetrade.pdf\">certificate for escort in Kungsberget<\/a><\/p>","protected":false},"excerpt":{"rendered":"<p>Vi jobbar f\u00f6r att f\u00e5 alla att k\u00e4nna sig v\u00e4lkomna i v\u00e5r anl\u00e4ggning och jobbar aktivt f\u00f6r att anpassa v\u00e5r verksamhet d\u00e4refter. Ska ni resa till oss och \u00e4r i behov av ledsagare beh\u00f6ver ni mejla in ett undertecknat intyg till oss. Efter godk\u00e4nt intyg levereras ett k\u00f6f\u00f6retr\u00e4desband samt ledsagarband enligt \u00f6verenskommelse. intyg f\u00f6r ledsagning [&hellip;]<\/p>","protected":false},"author":24,"featured_media":0,"parent":0,"menu_order":0,"comment_status":"closed","ping_status":"closed","template":"","meta":{"_acf_changed":false,"footnotes":""},"class_list":["post-8948","page","type-page","status-publish","hentry"],"acf":[],"_links":{"self":[{"href":"https:\/\/www.kungsberget.se\/en\/wp-json\/wp\/v2\/pages\/8948"}],"collection":[{"href":"https:\/\/www.kungsberget.se\/en\/wp-json\/wp\/v2\/pages"}],"about":[{"href":"https:\/\/www.kungsberget.se\/en\/wp-json\/wp\/v2\/types\/page"}],"author":[{"embeddable":true,"href":"https:\/\/www.kungsberget.se\/en\/wp-json\/wp\/v2\/users\/24"}],"replies":[{"embeddable":true,"href":"https:\/\/www.kungsberget.se\/en\/wp-json\/wp\/v2\/comments?post=8948"}],"version-history":[{"count":2,"href":"https:\/\/www.kungsberget.se\/en\/wp-json\/wp\/v2\/pages\/8948\/revisions"}],"predecessor-version":[{"id":9072,"href":"https:\/\/www.kungsberget.se\/en\/wp-json\/wp\/v2\/pages\/8948\/revisions\/9072"}],"wp:attachment":[{"href":"https:\/\/www.kungsberget.se\/en\/wp-json\/wp\/v2\/media?parent=8948"}],"curies":[{"name":"wp","href":"https:\/\/api.w.org\/{rel}","templated":true}]}}