{"id":9309,"date":"2026-04-10T10:19:24","date_gmt":"2026-04-10T08:19:24","guid":{"rendered":"https:\/\/www.kungsberget.se\/?page_id=9309"},"modified":"2026-04-10T10:19:24","modified_gmt":"2026-04-10T08:19:24","slug":"finalhelgen","status":"publish","type":"page","link":"https:\/\/www.kungsberget.se\/en\/finalhelgen\/","title":{"rendered":"Finals weekend"},"content":{"rendered":"<p data-start=\"0\" data-end=\"267\">End the winter with a maxed-out weekend filled with speed, laughter and a wonderful spring-winter feeling. On Saturday, the Party King will be there with a tent full of fun happenings, costumes and surprises - here you set the style for the weekend.<\/p>\n<p data-start=\"269\" data-end=\"508\">In addition, everything from face painting and Bj\u00f6rnbusarna to the big highlight: water surfing in Restaurangbacken awaits. Round off the day with outdoor apr\u00e8s-ski and continue the evening with more fun activities.<\/p>\n<p data-start=\"269\" data-end=\"508\">There is also a big sale in both the shop and rental. Take the opportunity to find bargains and secure your equipment for the coming seasons.<\/p>\n<p data-start=\"269\" data-end=\"508\">\n<h1>Friday<\/h1>\n<p><strong>10:00 \u2013 12:00<\/strong>Face painting | <em>Bj\u00f6rnbuseland<\/em> <br data-start=\"623\" data-end=\"626\" \/><strong>11:00 \u2013 12:00<\/strong>Meet the Bears | <em>The facility<\/em> <br data-start=\"712\" data-end=\"715\" \/><strong>1:15 PM \u2013 2:15 PM<\/strong>The Bear Busters Easter Race | <em>The ski school hill<\/em> <br data-start=\"807\" data-end=\"810\" \/><strong>1:30 PM \u2013 2:30 PM<\/strong>Meet the Bears | <em>The facility<\/em> <br data-start=\"896\" data-end=\"899\" \/><strong>14:30 \u2013 15:00<\/strong>Children&#039;s apr\u00e8s-ski | <em>Bj\u00f6rnbuseland<\/em> <br data-start=\"983\" data-end=\"986\" \/><strong>18:00 \u2013 20:00<\/strong>STIGA Snow Racing Challenge | <em>Bj\u00f6rnbuseland<\/em><\/p>\n<h1>Saturday<\/h1>\n<p><strong>10:00 &#8211; 12:00<\/strong> \u00a0 \u00a0 Face painting | <em>Below Restaurangbacken<\/em><br \/>\n<strong>from 10:00<\/strong> \u00a0 \u00a0The party king is on site | <em>Below Restaurangbacken<\/em><br \/>\n<strong>11:00 &#8211; 12:00\u00a0<\/strong>\u00a0 \u00a0 Meet the Bears | <em>The facility<\/em><br \/>\n<strong>13:30 &#8211; 15:00 \u00a0<\/strong> \u00a0 Water surf | <em>Restaurangbacken\u00a0<\/em><br \/>\n<strong>15:00 &#8211; 17:00\u00a0<\/strong>\u00a0 \u00a0 Apr\u00e8s-ski | <em>Miss Filipsson&#039;s outdoor terrace\u00a0<\/em><br \/>\n<strong>18:00 &#8211; 20:00\u00a0<\/strong>\u00a0 \u00a0 STIGA Snow Race Challenge | <em>Bj\u00f6rnbuseland\u00a0<\/em><\/p>\n<h1>Sunday<\/h1>\n<p><strong>11:00 &#8211; 12:00\u00a0<\/strong>\u00a0 \u00a0 Meet the Bears | <em>The facility<\/em><br \/>\n<strong>13:30 &#8211; 14:30 <\/strong>\u00a0 \u00a0 Meet the Bears | <em>The facility\u00a0 <\/em><\/p>","protected":false},"excerpt":{"rendered":"<p>Avsluta vintern med en maxad helg fylld av fart, skratt och h\u00e4rlig v\u00e5rvinterk\u00e4nsla. Under l\u00f6rdagen \u00e4r Partykungen p\u00e5 plats med ett t\u00e4lt fullt av roliga happenings, utkl\u00e4dnader och \u00f6verraskningar \u2013 h\u00e4r s\u00e4tter du stilen f\u00f6r helgen. Ut\u00f6ver det v\u00e4ntar allt fr\u00e5n ansiktsm\u00e5lning och Bj\u00f6rnbusarna till den stora h\u00f6jdpunkten: vattensurf i Restaurangbacken. Avrunda dagen med utomhusafterski [&hellip;]<\/p>","protected":false},"author":28,"featured_media":0,"parent":0,"menu_order":0,"comment_status":"closed","ping_status":"closed","template":"","meta":{"_acf_changed":false,"footnotes":""},"class_list":["post-9309","page","type-page","status-publish","hentry"],"acf":[],"_links":{"self":[{"href":"https:\/\/www.kungsberget.se\/en\/wp-json\/wp\/v2\/pages\/9309"}],"collection":[{"href":"https:\/\/www.kungsberget.se\/en\/wp-json\/wp\/v2\/pages"}],"about":[{"href":"https:\/\/www.kungsberget.se\/en\/wp-json\/wp\/v2\/types\/page"}],"author":[{"embeddable":true,"href":"https:\/\/www.kungsberget.se\/en\/wp-json\/wp\/v2\/users\/28"}],"replies":[{"embeddable":true,"href":"https:\/\/www.kungsberget.se\/en\/wp-json\/wp\/v2\/comments?post=9309"}],"version-history":[{"count":2,"href":"https:\/\/www.kungsberget.se\/en\/wp-json\/wp\/v2\/pages\/9309\/revisions"}],"predecessor-version":[{"id":9313,"href":"https:\/\/www.kungsberget.se\/en\/wp-json\/wp\/v2\/pages\/9309\/revisions\/9313"}],"wp:attachment":[{"href":"https:\/\/www.kungsberget.se\/en\/wp-json\/wp\/v2\/media?parent=9309"}],"curies":[{"name":"wp","href":"https:\/\/api.w.org\/{rel}","templated":true}]}}